{"id":1225,"date":"2022-08-31T21:48:51","date_gmt":"2022-08-31T21:48:51","guid":{"rendered":"https:\/\/erikmoreno.com\/?page_id=1225"},"modified":"2022-08-31T21:48:52","modified_gmt":"2022-08-31T21:48:52","slug":"retiros-e-integracion-musical","status":"publish","type":"page","link":"https:\/\/erikmoreno.com\/index.php\/retiros-e-integracion-musical\/","title":{"rendered":"Retiros e Integracion musical"},"content":{"rendered":"<!--themify_builder_content-->\n<div id=\"themify_builder_content-1225\" data-postid=\"1225\" class=\"themify_builder_content themify_builder_content-1225 themify_builder tf_clear\">\n    \t<!-- module_row -->\n\t<div  data-lazy=\"1\" class=\"module_row themify_builder_row tb_0bne953 tb_first tf_clearfix\" >\n\t    \t\t<div class=\"row_inner col_align_top col-count-1 tf_box tf_w tf_rel\">\n\t\t\t<div  data-lazy=\"1\" class=\"module_column tb-column col-full first tb_limi955 tf_box\">\n\t\t\t    \t        <div class=\"tb-column-inner tf_box tf_w\">\n\t\t    <!-- module text -->\n<div  class=\"module module-text tb_j45j326   \" data-lazy=\"1\">\n        <div  class=\"tb_text_wrap\">\n    <h1><span class=\"s1\"><b>Retiros e Integracion musical<\/b><\/span><\/h1>    <\/div>\n<\/div>\n<!-- \/module text --><!-- module text -->\n<div  class=\"module module-text tb_hyf7901   \" data-lazy=\"1\">\n        <div  class=\"tb_text_wrap\">\n    <p class=\"p1\">Erik Moreno es tambi\u00e9n conocido por su influyente presencia en retiros musicales con uso consciente de la medicinas ancestrales, trascendiendo desde su propio viaje espiritual personal y descubrimiento del arte hasta ayudar a miles de personas hacia la auto realizaci\u00f3n a trav\u00e9s de la expresion artistica. Es el iniciador de un movimiento internacional que combina talleres de canto y m\u00fasica con la introspecci\u00f3n, la meditacion, la respiracion consciente, las frecuencias emitidas por sonidos producidos por instrumentos nativos de diferentes culturas de los variados continentes; la musica con las medicinas vegetales ancestral y las t\u00e9cnicas terap\u00e9uticas conscientes de integraci\u00f3n. Por esta raz\u00f3n, naci\u00f3 el concepto de integraci\u00f3n musical, para crear un camino m\u00e1s all\u00e1 del sonido y la interpretaci\u00f3n, para despertar el potencial ancestral que cada persona ha heredado en un esp\u00edritu art\u00edstico presente, en la vida cuotidiana.<\/p>\n<p class=\"p1\">Tras a\u00f1os de experiencia en la composicion m\u00fasical terap\u00e9utica hol\u00edstica (cantos y canciones del alma) y en la conducci\u00f3n de sesiones entheogenicas elevando el campo energ\u00e9tico, este nuevo tipo de retiros est\u00e1 disponible para cualquier persona que est\u00e9 dispuesta a trascender sus limitaciones personales, formando parte de un espacio creado con dedicaci\u00f3n amorosa, guiada y asistida para un major desarrollo personal comprensivo apoyado de la propia aperture de corazon y de las auto revelaciones conscientes. La integraci\u00f3n musical se basa en una perspectiva m\u00e1s amplia de los recursos an\u00edmicos internos, en la que el p\u00fablico no es un mero espectador habitual, sino que forma parte esencial del espacio creado.<\/p>\n<p class=\"p1\">Sabiendo que cada persona que se une a estos eventos, est\u00e1 perfectamente alineada como espejo de la otra, sus bloqueos personales se desenredan a trav\u00e9s de la creatividad creando en conjunto una<span class=\"Apple-converted-space\">\u00a0 <\/span>\u00aborquesta\u00bb de sensaciones que orienta a la coneccion con el alma. Se abre una nueva posibilidad en estas experiencias al escuchar. Es posible recordar qui\u00e9nes somos realmente, con la musica, el canto, vamos permitiendo que se escuche nuestro esp\u00edritu libre, mientras encontramos la voz para compartir nuestros miedos y deseos m\u00e1s \u00edntimos, no s\u00f3lo se descubre el potencial humano, sino nuestro lado art\u00edstico como componente vital para convertirnos en creadores conscientes.<\/p>\n<p class=\"p1\">Las din\u00e1micas de expresi\u00f3n son algunos de los m\u00e9todos utilizados para trascender las propias creencias limitantes y para romper los obst\u00e1culos personales causados por las percepciones del pasado. El prop\u00f3sito es comprender que todo ser humano tiene un potencial divino, y que es posible acceder a el, comprendiendo que entre \u00e9l y su inesperada voluntad, s\u00f3lo est\u00e1 la creencia que trata de auto convencernos de que no es posible superar los condicionamientos aprendidos.<\/p>\n<p class=\"p1\">Estas din\u00e1micas son personalizadas y est\u00e1n dise\u00f1adas para cualquier persona que est\u00e9 abierta y dispuesta a desbloquear su expresi\u00f3n y vivir libre de su propio juicio. Son bienvenidos tanto los artistas como<span class=\"Apple-converted-space\">\u00a0 <\/span>los seres novatos que quieren emprender es magico viaje de expresion atraves de la m\u00fasica, aquellos seres receptivos que disfrutan del arte. La integraci\u00f3n musical es una forma personalizada de confiar en tus propios dones heredados, dej\u00e1ndote guiar hacia las habilidades que no puedes ver en ti mismo, con la ayuda de la comunicaci\u00f3n consciente, el canto, la terapia de sonido, la danza cruda, los rompehielos, el movimiento corporal, las vocalizaciones, la activaci\u00f3n energ\u00e9tica, las t\u00e9cnicas de respiraci\u00f3n y mucho mas.\u00a0<\/p>\n<p class=\"p1\">La integraci\u00f3n musical es m\u00e1s que una terapia de sonido para liberar emociones negativas y mentalidades autoenga\u00f1osas, es una forma de abrirse a la posibilidad de confiar en tu propio ser para abrir tu coraz\u00f3n y crear un nuevo camino como artista de la vida.<\/p>\n<p class=\"p1\">Estas sesiones y retiros est\u00e1n disponibles en Europa, Am\u00e9rica Central y Latina o a petici\u00f3n personalisada. Para m\u00e1s detalles sobre disponibilidad, fechas y lugares.<\/p>    <\/div>\n<\/div>\n<!-- \/module text -->\t        <\/div>\n\t    \t<\/div>\n\t\t    <\/div>\n\t    <!-- \/row_inner -->\n\t<\/div>\n\t<!-- \/module_row -->\n\t<\/div>\n<!--\/themify_builder_content-->","protected":false},"excerpt":{"rendered":"<p>Retiros e Integracion musical<\/p>\n","protected":false},"author":1,"featured_media":0,"parent":0,"menu_order":0,"comment_status":"closed","ping_status":"closed","template":"","meta":[],"builder_content":"<h1><b>Retiros e Integracion musical<\/b><\/h1>\n<p>Erik Moreno es tambi\u00e9n conocido por su influyente presencia en retiros musicales con uso consciente de la medicinas ancestrales, trascendiendo desde su propio viaje espiritual personal y descubrimiento del arte hasta ayudar a miles de personas hacia la auto realizaci\u00f3n a trav\u00e9s de la expresion artistica. Es el iniciador de un movimiento internacional que combina talleres de canto y m\u00fasica con la introspecci\u00f3n, la meditacion, la respiracion consciente, las frecuencias emitidas por sonidos producidos por instrumentos nativos de diferentes culturas de los variados continentes; la musica con las medicinas vegetales ancestral y las t\u00e9cnicas terap\u00e9uticas conscientes de integraci\u00f3n. Por esta raz\u00f3n, naci\u00f3 el concepto de integraci\u00f3n musical, para crear un camino m\u00e1s all\u00e1 del sonido y la interpretaci\u00f3n, para despertar el potencial ancestral que cada persona ha heredado en un esp\u00edritu art\u00edstico presente, en la vida cuotidiana.<\/p> <p>Tras a\u00f1os de experiencia en la composicion m\u00fasical terap\u00e9utica hol\u00edstica (cantos y canciones del alma) y en la conducci\u00f3n de sesiones entheogenicas elevando el campo energ\u00e9tico, este nuevo tipo de retiros est\u00e1 disponible para cualquier persona que est\u00e9 dispuesta a trascender sus limitaciones personales, formando parte de un espacio creado con dedicaci\u00f3n amorosa, guiada y asistida para un major desarrollo personal comprensivo apoyado de la propia aperture de corazon y de las auto revelaciones conscientes. La integraci\u00f3n musical se basa en una perspectiva m\u00e1s amplia de los recursos an\u00edmicos internos, en la que el p\u00fablico no es un mero espectador habitual, sino que forma parte esencial del espacio creado.<\/p> <p>Sabiendo que cada persona que se une a estos eventos, est\u00e1 perfectamente alineada como espejo de la otra, sus bloqueos personales se desenredan a trav\u00e9s de la creatividad creando en conjunto una\u00a0 \"orquesta\" de sensaciones que orienta a la coneccion con el alma. Se abre una nueva posibilidad en estas experiencias al escuchar. Es posible recordar qui\u00e9nes somos realmente, con la musica, el canto, vamos permitiendo que se escuche nuestro esp\u00edritu libre, mientras encontramos la voz para compartir nuestros miedos y deseos m\u00e1s \u00edntimos, no s\u00f3lo se descubre el potencial humano, sino nuestro lado art\u00edstico como componente vital para convertirnos en creadores conscientes.<\/p> <p>Las din\u00e1micas de expresi\u00f3n son algunos de los m\u00e9todos utilizados para trascender las propias creencias limitantes y para romper los obst\u00e1culos personales causados por las percepciones del pasado. El prop\u00f3sito es comprender que todo ser humano tiene un potencial divino, y que es posible acceder a el, comprendiendo que entre \u00e9l y su inesperada voluntad, s\u00f3lo est\u00e1 la creencia que trata de auto convencernos de que no es posible superar los condicionamientos aprendidos.<\/p> <p>Estas din\u00e1micas son personalizadas y est\u00e1n dise\u00f1adas para cualquier persona que est\u00e9 abierta y dispuesta a desbloquear su expresi\u00f3n y vivir libre de su propio juicio. Son bienvenidos tanto los artistas como\u00a0 los seres novatos que quieren emprender es magico viaje de expresion atraves de la m\u00fasica, aquellos seres receptivos que disfrutan del arte. La integraci\u00f3n musical es una forma personalizada de confiar en tus propios dones heredados, dej\u00e1ndote guiar hacia las habilidades que no puedes ver en ti mismo, con la ayuda de la comunicaci\u00f3n consciente, el canto, la terapia de sonido, la danza cruda, los rompehielos, el movimiento corporal, las vocalizaciones, la activaci\u00f3n energ\u00e9tica, las t\u00e9cnicas de respiraci\u00f3n y mucho mas.\u00a0<\/p> <p>La integraci\u00f3n musical es m\u00e1s que una terapia de sonido para liberar emociones negativas y mentalidades autoenga\u00f1osas, es una forma de abrirse a la posibilidad de confiar en tu propio ser para abrir tu coraz\u00f3n y crear un nuevo camino como artista de la vida.<\/p> <p>Estas sesiones y retiros est\u00e1n disponibles en Europa, Am\u00e9rica Central y Latina o a petici\u00f3n personalisada. Para m\u00e1s detalles sobre disponibilidad, fechas y lugares.<\/p>","_links":{"self":[{"href":"https:\/\/erikmoreno.com\/index.php\/wp-json\/wp\/v2\/pages\/1225"}],"collection":[{"href":"https:\/\/erikmoreno.com\/index.php\/wp-json\/wp\/v2\/pages"}],"about":[{"href":"https:\/\/erikmoreno.com\/index.php\/wp-json\/wp\/v2\/types\/page"}],"author":[{"embeddable":true,"href":"https:\/\/erikmoreno.com\/index.php\/wp-json\/wp\/v2\/users\/1"}],"replies":[{"embeddable":true,"href":"https:\/\/erikmoreno.com\/index.php\/wp-json\/wp\/v2\/comments?post=1225"}],"version-history":[{"count":1,"href":"https:\/\/erikmoreno.com\/index.php\/wp-json\/wp\/v2\/pages\/1225\/revisions"}],"predecessor-version":[{"id":1226,"href":"https:\/\/erikmoreno.com\/index.php\/wp-json\/wp\/v2\/pages\/1225\/revisions\/1226"}],"wp:attachment":[{"href":"https:\/\/erikmoreno.com\/index.php\/wp-json\/wp\/v2\/media?parent=1225"}],"curies":[{"name":"wp","href":"https:\/\/api.w.org\/{rel}","templated":true}]}}