{"id":1222,"date":"2022-08-31T21:47:12","date_gmt":"2022-08-31T21:47:12","guid":{"rendered":"https:\/\/erikmoreno.com\/?page_id=1222"},"modified":"2022-08-31T21:47:12","modified_gmt":"2022-08-31T21:47:12","slug":"conferencias-y-talleres","status":"publish","type":"page","link":"https:\/\/erikmoreno.com\/index.php\/conferencias-y-talleres\/","title":{"rendered":"Conferencias y talleres"},"content":{"rendered":"<!--themify_builder_content-->\n<div id=\"themify_builder_content-1222\" data-postid=\"1222\" class=\"themify_builder_content themify_builder_content-1222 themify_builder tf_clear\">\n    \t<!-- module_row -->\n\t<div  data-lazy=\"1\" class=\"module_row themify_builder_row tb_0bne953 tb_first tf_clearfix\" >\n\t    \t\t<div class=\"row_inner col_align_top col-count-1 tf_box tf_w tf_rel\">\n\t\t\t<div  data-lazy=\"1\" class=\"module_column tb-column col-full first tb_limi955 tf_box\">\n\t\t\t    \t        <div class=\"tb-column-inner tf_box tf_w\">\n\t\t    <!-- module text -->\n<div  class=\"module module-text tb_j45j326   \" data-lazy=\"1\">\n        <div  class=\"tb_text_wrap\">\n    <h1><b>Conferencias y talleres<\/b><\/h1>    <\/div>\n<\/div>\n<!-- \/module text --><!-- module text -->\n<div  class=\"module module-text tb_hyf7901   \" data-lazy=\"1\">\n        <div  class=\"tb_text_wrap\">\n    <p class=\"p1\">S\u00f3lo cuando abrimos nuestro coraz\u00f3n para dejar los mismos viejos h\u00e1bitos, situaciones, trabajo, personas, etc., podemos empezar a comprender el \u00abpor qu\u00e9\u00bb y el \u00abpara qu\u00e9\u00bb de todo lo que nos rodea.<\/p>\n<p class=\"p1\">La verdadera comprensi\u00f3n surge cuando dejamos de mirar solo el exterior y empezamos a sentir lo que vemos desde a dentro de nosotros, reconociendo que somos parte de todo y que todo es parte de nosotros. Cuando nos permitimos recibir lo que la vida nos trae, cuando cambiamos la percepci\u00f3n de lo que podemos controlar y lo que no, cuando observamos en lugar de juzgar, empezamos a ser aut\u00e9nticos.<\/p>\n<p class=\"p1\">Muchas personas acuden a seminarios, terapias y retiros buscando algo que llevan anhelando toda la vida y, a veces, sin ser siquiera conscientes de lo que quieren en la vida. Acuden en busca de respuestas, esperando recibir consejos e informaci\u00f3n de cualquiera menos de ellos mismos.<\/p>\n<p class=\"p1\">La clave es dejar de buscar y empezar a ver todos los recursos que hay dentro de nosotros, encontrar ese lugar dentro de nosotros que tiene todas las respuestas, que no necesita hacer preguntas porque no las hay&#8230; porque no hay nada que cambiar. No hay nada malo, no hay nada bueno, a menos que lo vean as\u00ed. No es el \u00abproblema\u00bb al que nos enfrentamos el que causa los verdaderos problemas, es c\u00f3mo vemos estos problemas percibidos, c\u00f3mo nos identificamos con \u00e9l repitiendo inconscientemente los mismos patrones y dici\u00e9ndonos a nosotros mismos las mismas mentiras que nos dijeron.<\/p>\n<p class=\"p1\">El proceso de desidentificaci\u00f3n surge como una comprensi\u00f3n natural de la sensaci\u00f3n de que cuando buscamos curaci\u00f3n o medicinas en el exterior, el \u00fanico camino es el interior. Estas conferencias pretenden descubrir lo que hay en lo m\u00e1s profundo de nosotros mismos, observar todos los bloqueos y la resistencia a encontrarnos con nuestro verdadero yo, por diferentes miedos que aprendimos o adquirimos en el pasado. Los m\u00e9todos o terapias no funcionan, si no se reciben desde un lugar de aceptaci\u00f3n y amor, estando dispuestos a encontrar nuestra verdad personal. Estos seminarios pretenden abrir el espacio para la autenticidad y la confianza, para recibir lo que otros pueden ver y nosotros no. Las palabras conscientes no se entienden a menos que estemos dispuestos a escuchar el mensaje de que somos la medicina y no somos nuestro pasado.<\/p>\n<p class=\"p1\">Es s\u00f3lo la pureza de la inocencia, el amor por estar vivos, la confianza en el universo y en nuestro ser, la autoridad en las acciones y decisiones de amor propio, la comprensi\u00f3n de la unidad de que ya no hay \u00abtuyo\u00bb o \u00abm\u00edo\u00bb, sino nuestro. Es el compromiso y la implicaci\u00f3n para la comprensi\u00f3n mutua, para trascender la curaci\u00f3n.<\/p>    <\/div>\n<\/div>\n<!-- \/module text -->\t        <\/div>\n\t    \t<\/div>\n\t\t    <\/div>\n\t    <!-- \/row_inner -->\n\t<\/div>\n\t<!-- \/module_row -->\n\t<\/div>\n<!--\/themify_builder_content-->","protected":false},"excerpt":{"rendered":"<p>Conferencias y talleres<\/p>\n","protected":false},"author":1,"featured_media":0,"parent":0,"menu_order":0,"comment_status":"closed","ping_status":"closed","template":"","meta":[],"builder_content":"<h1><b>Conferencias y talleres<\/b><\/h1>\n<p>S\u00f3lo cuando abrimos nuestro coraz\u00f3n para dejar los mismos viejos h\u00e1bitos, situaciones, trabajo, personas, etc., podemos empezar a comprender el \"por qu\u00e9\" y el \"para qu\u00e9\" de todo lo que nos rodea.<\/p> <p>La verdadera comprensi\u00f3n surge cuando dejamos de mirar solo el exterior y empezamos a sentir lo que vemos desde a dentro de nosotros, reconociendo que somos parte de todo y que todo es parte de nosotros. Cuando nos permitimos recibir lo que la vida nos trae, cuando cambiamos la percepci\u00f3n de lo que podemos controlar y lo que no, cuando observamos en lugar de juzgar, empezamos a ser aut\u00e9nticos.<\/p> <p>Muchas personas acuden a seminarios, terapias y retiros buscando algo que llevan anhelando toda la vida y, a veces, sin ser siquiera conscientes de lo que quieren en la vida. Acuden en busca de respuestas, esperando recibir consejos e informaci\u00f3n de cualquiera menos de ellos mismos.<\/p> <p>La clave es dejar de buscar y empezar a ver todos los recursos que hay dentro de nosotros, encontrar ese lugar dentro de nosotros que tiene todas las respuestas, que no necesita hacer preguntas porque no las hay... porque no hay nada que cambiar. No hay nada malo, no hay nada bueno, a menos que lo vean as\u00ed. No es el \"problema\" al que nos enfrentamos el que causa los verdaderos problemas, es c\u00f3mo vemos estos problemas percibidos, c\u00f3mo nos identificamos con \u00e9l repitiendo inconscientemente los mismos patrones y dici\u00e9ndonos a nosotros mismos las mismas mentiras que nos dijeron.<\/p> <p>El proceso de desidentificaci\u00f3n surge como una comprensi\u00f3n natural de la sensaci\u00f3n de que cuando buscamos curaci\u00f3n o medicinas en el exterior, el \u00fanico camino es el interior. Estas conferencias pretenden descubrir lo que hay en lo m\u00e1s profundo de nosotros mismos, observar todos los bloqueos y la resistencia a encontrarnos con nuestro verdadero yo, por diferentes miedos que aprendimos o adquirimos en el pasado. Los m\u00e9todos o terapias no funcionan, si no se reciben desde un lugar de aceptaci\u00f3n y amor, estando dispuestos a encontrar nuestra verdad personal. Estos seminarios pretenden abrir el espacio para la autenticidad y la confianza, para recibir lo que otros pueden ver y nosotros no. Las palabras conscientes no se entienden a menos que estemos dispuestos a escuchar el mensaje de que somos la medicina y no somos nuestro pasado.<\/p> <p>Es s\u00f3lo la pureza de la inocencia, el amor por estar vivos, la confianza en el universo y en nuestro ser, la autoridad en las acciones y decisiones de amor propio, la comprensi\u00f3n de la unidad de que ya no hay \"tuyo\" o \"m\u00edo\", sino nuestro. Es el compromiso y la implicaci\u00f3n para la comprensi\u00f3n mutua, para trascender la curaci\u00f3n.<\/p>","_links":{"self":[{"href":"https:\/\/erikmoreno.com\/index.php\/wp-json\/wp\/v2\/pages\/1222"}],"collection":[{"href":"https:\/\/erikmoreno.com\/index.php\/wp-json\/wp\/v2\/pages"}],"about":[{"href":"https:\/\/erikmoreno.com\/index.php\/wp-json\/wp\/v2\/types\/page"}],"author":[{"embeddable":true,"href":"https:\/\/erikmoreno.com\/index.php\/wp-json\/wp\/v2\/users\/1"}],"replies":[{"embeddable":true,"href":"https:\/\/erikmoreno.com\/index.php\/wp-json\/wp\/v2\/comments?post=1222"}],"version-history":[{"count":2,"href":"https:\/\/erikmoreno.com\/index.php\/wp-json\/wp\/v2\/pages\/1222\/revisions"}],"predecessor-version":[{"id":1224,"href":"https:\/\/erikmoreno.com\/index.php\/wp-json\/wp\/v2\/pages\/1222\/revisions\/1224"}],"wp:attachment":[{"href":"https:\/\/erikmoreno.com\/index.php\/wp-json\/wp\/v2\/media?parent=1222"}],"curies":[{"name":"wp","href":"https:\/\/api.w.org\/{rel}","templated":true}]}}