{"id":1219,"date":"2022-08-31T21:44:47","date_gmt":"2022-08-31T21:44:47","guid":{"rendered":"https:\/\/erikmoreno.com\/?page_id=1219"},"modified":"2022-08-31T21:44:48","modified_gmt":"2022-08-31T21:44:48","slug":"bio-es","status":"publish","type":"page","link":"https:\/\/erikmoreno.com\/index.php\/bio-es\/","title":{"rendered":"Bio-es"},"content":{"rendered":"<!--themify_builder_content-->\n<div id=\"themify_builder_content-1219\" data-postid=\"1219\" class=\"themify_builder_content themify_builder_content-1219 themify_builder tf_clear\">\n    \t<!-- module_row -->\n\t<div  data-lazy=\"1\" class=\"module_row themify_builder_row tb_0bne953 tb_first tf_clearfix\" >\n\t    \t\t<div class=\"row_inner col_align_top col-count-1 tf_box tf_w tf_rel\">\n\t\t\t<div  data-lazy=\"1\" class=\"module_column tb-column col-full first tb_limi955 tf_box\">\n\t\t\t    \t        <div class=\"tb-column-inner tf_box tf_w\">\n\t\t    <!-- module text -->\n<div  class=\"module module-text tb_yl9v624   \" data-lazy=\"1\">\n        <div  class=\"tb_text_wrap\">\n    <h1>Erik Moreno<\/h1>    <\/div>\n<\/div>\n<!-- \/module text --><!-- module text -->\n<div  class=\"module module-text tb_ylvu659   \" data-lazy=\"1\">\n        <div  class=\"tb_text_wrap\">\n    <p>Musico medicina y Compositor terapeutico<\/p>    <\/div>\n<\/div>\n<!-- \/module text --><!-- module text -->\n<div  class=\"module module-text tb_jqdm435   \" data-lazy=\"1\">\n        <div  class=\"tb_text_wrap\">\n    <p class=\"p1\">Erik Moreno es un musico medicina, compositor terapeutico y cantautor nacido en Colombia. Descubri\u00f3 y recordo su potencial musical a los 15 anos de edad, despues de varias experiencias que dieron un giro por completo a su camino, llevandolo a su destino como trasmisor de mensajes profundos que nacen de comprenciones que el mismo a integrado en su propia experiencia. Sus primeras composiciones nacieron mientras e viv\u00eda en la selva amazonica colombiana, en contacto con diferentes etnias del sur de Colombia y Ecuador.<\/p>\n<p class=\"p1\">La amaz\u00f3nia, despues de aportar importantes vivencia a su caminar, atraves de su imensa naturaleza, la tierra, el agua, el fuego y el oxigeno, han orientado a Erik a encontrarse mas y mas con si mismo. El Putumayo, tierra de ancestros, de flores, de leyendas y cuna de grandes artistas, ha forjado sus bases energeticas y espirituales aquellas que al dia de hoy despues de 13 anos de Carrera internacional recorrida por mas de 25 paises, trasmite con su presencia, alegria y expontaneidad. Creando encuentros entre personas que anhelan en lo mas intimo de si mismos, vivir desde la apertura del Corazon y el despertar de la propia consciencia.<\/p>\n<p class=\"p1\">Es tallerista<span class=\"Apple-converted-space\">\u00a0 <\/span>y seminarista de dinamiscas de expresion atraves del sonido y el canto. En sus encuentros, trasmite su alma y divinidad creando campos entheogenos en los que utiliza diferentes herramientas ancestrales como la ayahuasca, el chimu, el san pedro, el bufo alvarius, el Tabaco, los inciensos, entre muchas otras plantas de poder y maestras. Ha tenido presentaciones musicales importantes de hasta 800 personas en teatros y ciudades artisticas como Buenos Aires, Montevideo, Paris, Roma, Torino y Milan. Este Ser humano con una presencia ceremonial y con una sabidur\u00eda ancestral transfiere en modo particular, el uso terap\u00e9utico consciente de la m\u00fasica, como todo un camino de realizaci\u00f3n y superaci\u00f3n personal.<\/p>\n<p class=\"p1\">Tiene actualmente en su autoria 42 canciones y 10 nuevas composiciones intrumentales con escalas y acordes que producen poderoso impacto curativo en las personas. Titulado: La Atonalidad del Universo.<\/p>\n<p class=\"p1\"><em>El proceso evolutivo creativo consiste en reconocerte a ti mismo mas all\u00e1 de lo que no eres sin tener que hacer o aparentar. El Ser surge en un nuevo mundo de creatividad e infinitas posibilidades.<\/em><\/p>    <\/div>\n<\/div>\n<!-- \/module text -->\t        <\/div>\n\t    \t<\/div>\n\t\t    <\/div>\n\t    <!-- \/row_inner -->\n\t<\/div>\n\t<!-- \/module_row -->\n\t<\/div>\n<!--\/themify_builder_content-->","protected":false},"excerpt":{"rendered":"<p>Erik Moreno<\/p>\n","protected":false},"author":1,"featured_media":0,"parent":0,"menu_order":0,"comment_status":"closed","ping_status":"closed","template":"","meta":[],"builder_content":"<h1>Erik Moreno<\/h1>\n<p>Musico medicina y Compositor terapeutico<\/p>\n<p>Erik Moreno es un musico medicina, compositor terapeutico y cantautor nacido en Colombia. Descubri\u00f3 y recordo su potencial musical a los 15 anos de edad, despues de varias experiencias que dieron un giro por completo a su camino, llevandolo a su destino como trasmisor de mensajes profundos que nacen de comprenciones que el mismo a integrado en su propia experiencia. Sus primeras composiciones nacieron mientras e viv\u00eda en la selva amazonica colombiana, en contacto con diferentes etnias del sur de Colombia y Ecuador.<\/p> <p>La amaz\u00f3nia, despues de aportar importantes vivencia a su caminar, atraves de su imensa naturaleza, la tierra, el agua, el fuego y el oxigeno, han orientado a Erik a encontrarse mas y mas con si mismo. El Putumayo, tierra de ancestros, de flores, de leyendas y cuna de grandes artistas, ha forjado sus bases energeticas y espirituales aquellas que al dia de hoy despues de 13 anos de Carrera internacional recorrida por mas de 25 paises, trasmite con su presencia, alegria y expontaneidad. Creando encuentros entre personas que anhelan en lo mas intimo de si mismos, vivir desde la apertura del Corazon y el despertar de la propia consciencia.<\/p> <p>Es tallerista\u00a0 y seminarista de dinamiscas de expresion atraves del sonido y el canto. En sus encuentros, trasmite su alma y divinidad creando campos entheogenos en los que utiliza diferentes herramientas ancestrales como la ayahuasca, el chimu, el san pedro, el bufo alvarius, el Tabaco, los inciensos, entre muchas otras plantas de poder y maestras. Ha tenido presentaciones musicales importantes de hasta 800 personas en teatros y ciudades artisticas como Buenos Aires, Montevideo, Paris, Roma, Torino y Milan. Este Ser humano con una presencia ceremonial y con una sabidur\u00eda ancestral transfiere en modo particular, el uso terap\u00e9utico consciente de la m\u00fasica, como todo un camino de realizaci\u00f3n y superaci\u00f3n personal.<\/p> <p>Tiene actualmente en su autoria 42 canciones y 10 nuevas composiciones intrumentales con escalas y acordes que producen poderoso impacto curativo en las personas. Titulado: La Atonalidad del Universo.<\/p> <p><em>El proceso evolutivo creativo consiste en reconocerte a ti mismo mas all\u00e1 de lo que no eres sin tener que hacer o aparentar. El Ser surge en un nuevo mundo de creatividad e infinitas posibilidades.<\/em><\/p>","_links":{"self":[{"href":"https:\/\/erikmoreno.com\/index.php\/wp-json\/wp\/v2\/pages\/1219"}],"collection":[{"href":"https:\/\/erikmoreno.com\/index.php\/wp-json\/wp\/v2\/pages"}],"about":[{"href":"https:\/\/erikmoreno.com\/index.php\/wp-json\/wp\/v2\/types\/page"}],"author":[{"embeddable":true,"href":"https:\/\/erikmoreno.com\/index.php\/wp-json\/wp\/v2\/users\/1"}],"replies":[{"embeddable":true,"href":"https:\/\/erikmoreno.com\/index.php\/wp-json\/wp\/v2\/comments?post=1219"}],"version-history":[{"count":2,"href":"https:\/\/erikmoreno.com\/index.php\/wp-json\/wp\/v2\/pages\/1219\/revisions"}],"predecessor-version":[{"id":1221,"href":"https:\/\/erikmoreno.com\/index.php\/wp-json\/wp\/v2\/pages\/1219\/revisions\/1221"}],"wp:attachment":[{"href":"https:\/\/erikmoreno.com\/index.php\/wp-json\/wp\/v2\/media?parent=1219"}],"curies":[{"name":"wp","href":"https:\/\/api.w.org\/{rel}","templated":true}]}}