{"id":1217,"date":"2022-08-31T21:43:10","date_gmt":"2022-08-31T21:43:10","guid":{"rendered":"https:\/\/erikmoreno.com\/?page_id=1217"},"modified":"2022-08-31T21:43:10","modified_gmt":"2022-08-31T21:43:10","slug":"musica-medicinal","status":"publish","type":"page","link":"https:\/\/erikmoreno.com\/index.php\/musica-medicinal\/","title":{"rendered":"Musica Medicinal"},"content":{"rendered":"<!--themify_builder_content-->\n<div id=\"themify_builder_content-1217\" data-postid=\"1217\" class=\"themify_builder_content themify_builder_content-1217 themify_builder tf_clear\">\n    \t<!-- module_row -->\n\t<div  data-lazy=\"1\" class=\"module_row themify_builder_row tb_0bne953 tb_first tf_clearfix\" >\n\t    \t\t<div class=\"row_inner col_align_top col-count-1 tf_box tf_w tf_rel\">\n\t\t\t<div  data-lazy=\"1\" class=\"module_column tb-column col-full first tb_limi955 tf_box\">\n\t\t\t    \t        <div class=\"tb-column-inner tf_box tf_w\">\n\t\t    <!-- module text -->\n<div  class=\"module module-text tb_j45j326   \" data-lazy=\"1\">\n        <div  class=\"tb_text_wrap\">\n    <h1>Musica Medicinal<\/h1>    <\/div>\n<\/div>\n<!-- \/module text --><!-- module text -->\n<div  class=\"module module-text tb_scom683   \" data-lazy=\"1\">\n        <div  class=\"tb_text_wrap\">\n    <p class=\"p1\">Que es la atonalidad musical o la musica medicinal?<\/p>    <\/div>\n<\/div>\n<!-- \/module text --><!-- module text -->\n<div  class=\"module module-text tb_hyf7901   \" data-lazy=\"1\">\n        <div  class=\"tb_text_wrap\">\n    <p class=\"p1\">La m\u00fasica atonal, esta compuesta por frecuencias que naturalmente estan presentes en nuestro entorno cuotidiano, la atonalidad, se escucha en cada sonido que nos rodea. No esta sugeta a gerarquias estrictas de acordes armonicos, y vibra de manera expontanea fluctuando entre notas y escalas aparentemente contrarias, particularidad que hace de este genero musical uno de los mas curativos conocidos en la historia.<\/p>\n<p class=\"p1\">Desde la antiguaedad la musica, los cantos, la danza, entre otros canals artisticos de expresionque el ser humano ha descubiert surje de aquello momentos sorprendentes en los que gracias a una deerminada situacion nos conectamos con lo que esta sucediendo, con aquello que nos sumerge en las emociones, mayormente escondidas u olvidadas en nuestro interior.<\/p>\n<p class=\"p1\">La expression, en este caso, con la musica en su atonalidad, consiste en crear un campo energetico con frecuencias atraves de sonidos que estan intimamente vinculados con lo que esta presente en nuestro dia a dia, llevado al ambito terapeuti o de desarrollo personal, se crean campos de frecuencias profundas y elevadas que invitan a una persona o un grupo de personas a Ser y estar en presencia, en meditacion, en transparencia, en si mismos. Apesar de que el tremendo impacto medicinal de la atonalidad no es comunmente reconocido como \u201carmonia correcta\u201d esta teniendo siempre mas un resurgimiento en nuestra era actual. Trayendo con sigo, una sabiduria ancestral que toca nuestras fibras sencibles sumergiendonos en la posibilidad de sentir la aperture del Corazon y el despertar de la consciencia.<\/p>\n<p class=\"p1\">El silencio, la nada, el vacio\u2026 son momentos de suma importancia a la hora de recibir esta medicina musical. El sonido como terapia, desbloquea las posibles limitaciones que estan en nuestro inconsciente liberando la luz de nuestro divino potencial, a nuestro verdadero Ser, transformando nuestra aura y frecuencia. Sabemos que todo es energ\u00eda, que todo es frecuencia, por esto es de reconocer que el poder de la vibraci\u00f3n universal se origina en el silencio, la nada, el vacio, antes de la material, en el subatomico, esta el misterio del infinito. Esto, nos une a la fuente divina de la creaci\u00f3n. Somos de la creaci\u00f3n y a su ves, creadores. Todo se inicio con el silencio, seguido por la expresi\u00f3n pura de nuestra alma, la revelaci\u00f3n del sonido desde nuestra voz interior, resonando con el todo, haci\u00e9ndonos un unico canal. Cuando permitiendo que la m\u00fasica entre en nuestro Cuerpo, a nuestra mente, a nuestro Ser, estamos permitiendonos estar precentes, conectados con todo, con todos y con el Todo. vibrando en la frecuencia de incondicionalidad, convirti\u00e9ndonos con amor en lo que anhelamos.<\/p>    <\/div>\n<\/div>\n<!-- \/module text -->\t        <\/div>\n\t    \t<\/div>\n\t\t    <\/div>\n\t    <!-- \/row_inner -->\n\t<\/div>\n\t<!-- \/module_row -->\n\t<\/div>\n<!--\/themify_builder_content-->","protected":false},"excerpt":{"rendered":"<p>Musica Medicinal<\/p>\n","protected":false},"author":1,"featured_media":0,"parent":0,"menu_order":0,"comment_status":"closed","ping_status":"closed","template":"","meta":[],"builder_content":"<h1>Musica Medicinal<\/h1>\n<p>Que es la atonalidad musical o la musica medicinal?<\/p>\n<p>La m\u00fasica atonal, esta compuesta por frecuencias que naturalmente estan presentes en nuestro entorno cuotidiano, la atonalidad, se escucha en cada sonido que nos rodea. No esta sugeta a gerarquias estrictas de acordes armonicos, y vibra de manera expontanea fluctuando entre notas y escalas aparentemente contrarias, particularidad que hace de este genero musical uno de los mas curativos conocidos en la historia.<\/p> <p>Desde la antiguaedad la musica, los cantos, la danza, entre otros canals artisticos de expresionque el ser humano ha descubiert surje de aquello momentos sorprendentes en los que gracias a una deerminada situacion nos conectamos con lo que esta sucediendo, con aquello que nos sumerge en las emociones, mayormente escondidas u olvidadas en nuestro interior.<\/p> <p>La expression, en este caso, con la musica en su atonalidad, consiste en crear un campo energetico con frecuencias atraves de sonidos que estan intimamente vinculados con lo que esta presente en nuestro dia a dia, llevado al ambito terapeuti o de desarrollo personal, se crean campos de frecuencias profundas y elevadas que invitan a una persona o un grupo de personas a Ser y estar en presencia, en meditacion, en transparencia, en si mismos. Apesar de que el tremendo impacto medicinal de la atonalidad no es comunmente reconocido como \u201carmonia correcta\u201d esta teniendo siempre mas un resurgimiento en nuestra era actual. Trayendo con sigo, una sabiduria ancestral que toca nuestras fibras sencibles sumergiendonos en la posibilidad de sentir la aperture del Corazon y el despertar de la consciencia.<\/p> <p>El silencio, la nada, el vacio\u2026 son momentos de suma importancia a la hora de recibir esta medicina musical. El sonido como terapia, desbloquea las posibles limitaciones que estan en nuestro inconsciente liberando la luz de nuestro divino potencial, a nuestro verdadero Ser, transformando nuestra aura y frecuencia. Sabemos que todo es energ\u00eda, que todo es frecuencia, por esto es de reconocer que el poder de la vibraci\u00f3n universal se origina en el silencio, la nada, el vacio, antes de la material, en el subatomico, esta el misterio del infinito. Esto, nos une a la fuente divina de la creaci\u00f3n. Somos de la creaci\u00f3n y a su ves, creadores. Todo se inicio con el silencio, seguido por la expresi\u00f3n pura de nuestra alma, la revelaci\u00f3n del sonido desde nuestra voz interior, resonando con el todo, haci\u00e9ndonos un unico canal. Cuando permitiendo que la m\u00fasica entre en nuestro Cuerpo, a nuestra mente, a nuestro Ser, estamos permitiendonos estar precentes, conectados con todo, con todos y con el Todo. vibrando en la frecuencia de incondicionalidad, convirti\u00e9ndonos con amor en lo que anhelamos.<\/p>","_links":{"self":[{"href":"https:\/\/erikmoreno.com\/index.php\/wp-json\/wp\/v2\/pages\/1217"}],"collection":[{"href":"https:\/\/erikmoreno.com\/index.php\/wp-json\/wp\/v2\/pages"}],"about":[{"href":"https:\/\/erikmoreno.com\/index.php\/wp-json\/wp\/v2\/types\/page"}],"author":[{"embeddable":true,"href":"https:\/\/erikmoreno.com\/index.php\/wp-json\/wp\/v2\/users\/1"}],"replies":[{"embeddable":true,"href":"https:\/\/erikmoreno.com\/index.php\/wp-json\/wp\/v2\/comments?post=1217"}],"version-history":[{"count":1,"href":"https:\/\/erikmoreno.com\/index.php\/wp-json\/wp\/v2\/pages\/1217\/revisions"}],"predecessor-version":[{"id":1218,"href":"https:\/\/erikmoreno.com\/index.php\/wp-json\/wp\/v2\/pages\/1217\/revisions\/1218"}],"wp:attachment":[{"href":"https:\/\/erikmoreno.com\/index.php\/wp-json\/wp\/v2\/media?parent=1217"}],"curies":[{"name":"wp","href":"https:\/\/api.w.org\/{rel}","templated":true}]}}